{"id":8,"date":"2012-08-29T11:54:45","date_gmt":"2012-08-29T09:54:45","guid":{"rendered":"http:\/\/manet-scrabble.org\/?page_id=8"},"modified":"2026-01-10T10:56:06","modified_gmt":"2026-01-10T09:56:06","slug":"vocabulaire","status":"publish","type":"page","link":"http:\/\/manet-scrabble.org\/?page_id=8","title":{"rendered":"<span style=\"font-size: 24pt; color: #008080;\">vocabulaire"},"content":{"rendered":"<p><span style=\"color: #000000;\"><em><strong>T\u00e9l\u00e9chargez ci-dessous les diff\u00e9rents fichiers class\u00e9s par sp\u00e9cificit\u00e9 :<\/strong><\/em><\/span><\/p>\n<p><span style=\"font-size: 18pt; color: #0000ff;\"><strong>ODS 9 :<\/strong>&nbsp;<\/span><\/p>\n<p><strong><span style=\"color: #0000ff;\">Les nouveaut\u00e9s de l&#8217;ODS&nbsp; 9 :<\/span><\/strong><\/p>\n<ul>\n<li><span style=\"color: #008080;\"><strong>Synth\u00e8se des nouveaut\u00e9s de l&#8217;ODS 9 : <a href=\"http:\/\/manet-scrabble.org\/wp-content\/uploads\/2023\/11\/nouveautes-ODS9-synthese.pdf\">nouveaut\u00e9s ODS9 synth\u00e8se<\/a><\/strong><\/span><\/li>\n<li><span style=\"color: #008080;\"><strong>ODS 9 &#8211; les mots de 3 et 4 lettres : <a href=\"http:\/\/manet-scrabble.org\/wp-content\/uploads\/2023\/12\/ODS-9-les-mots-de-3-et-4-lettres.pdf\">ODS 9 &#8211; les mots de 3 et 4 lettres<\/a><\/strong><\/span><\/li>\n<li><span style=\"color: #008080;\"><strong>Verbes &#8211; nouveaut\u00e9s de l&#8217;ODS 9 : <a href=\"http:\/\/manet-scrabble.org\/wp-content\/uploads\/2023\/12\/nouveautes-ODS9-verbes.pdf\">nouveaut\u00e9s ODS9 &#8211; verbes<\/a><\/strong><\/span><\/li>\n<li><span style=\"color: #008080;\"><strong>ODS 9 &#8211; lettres J et Z : <a href=\"http:\/\/manet-scrabble.org\/wp-content\/uploads\/2023\/12\/ODS-9-lettres-J-et-Z.pdf\">ODS 9 &#8211; lettres J et Z<\/a><\/strong><\/span><\/li>\n<li><span style=\"color: #008080;\"><strong>ODS 9 &#8211; lettre K : <a href=\"http:\/\/manet-scrabble.org\/wp-content\/uploads\/2023\/12\/ODS-9-lettre-K.pdf\">ODS 9 &#8211; lettre K<\/a><\/strong><\/span><\/li>\n<li><span style=\"color: #008080;\"><strong>ODS 9 : lettre Q : <a href=\"http:\/\/manet-scrabble.org\/wp-content\/uploads\/2023\/12\/ODS-9-lettre-Q.pdf\">ODS 9 &#8211; lettre Q<\/a><\/strong><\/span><\/li>\n<li><span style=\"color: #008080;\"><strong>ODS 9 &#8211; lettre W : <a href=\"http:\/\/manet-scrabble.org\/wp-content\/uploads\/2023\/12\/ODS-9-lettre-W.pdf\">ODS 9 &#8211; lettre W<\/a><\/strong><\/span><\/li>\n<li><span style=\"color: #008080;\"><strong>ODS 9 &#8211; lettre X : <a href=\"http:\/\/manet-scrabble.org\/wp-content\/uploads\/2023\/12\/ODS-9-lettre-X.pdf\">ODS 9 &#8211; lettre X<\/a><\/strong><\/span><\/li>\n<li><span style=\"color: #008080;\"><strong>ODS 9 &#8211; lettre Y : <a href=\"http:\/\/manet-scrabble.org\/wp-content\/uploads\/2023\/12\/ODS-9-lettre-Y.pdf\">ODS 9 &#8211; lettre Y<\/a><\/strong><\/span><\/li>\n<\/ul>\n<p><strong><span style=\"color: #0000ff;\">L&#8217;essentiel :<\/span><\/strong><\/p>\n<ul>\n<li><span style=\"color: #008080;\"><strong>Z-card ODS 9 : <a href=\"http:\/\/manet-scrabble.org\/wp-content\/uploads\/2023\/12\/Z-card-ODS9.pdf\">Z-card ODS9<\/a><\/strong><\/span><\/li>\n<li><span style=\"color: #008080;\"><strong>Mots de 2 lettres :<\/strong><\/span> <a href=\"http:\/\/manet-scrabble.org\/wp-content\/uploads\/2024\/10\/Mots-de-2-lettres.pdf\">Mots de 2 lettres<\/a><\/li>\n<li><span style=\"color: #008080;\"><strong>Mots contenant Q non suivi d&#8217;un U : <\/strong><\/span><a href=\"http:\/\/manet-scrabble.org\/wp-content\/uploads\/2024\/01\/mots-contenant-un-Q-non-suivi-dun-U.pdf\">mots contenant un Q non suivi d&#8217;un U<\/a><\/li>\n<li><strong><span style=\"color: #008080;\">Les mots invariables :&nbsp;<a href=\"http:\/\/manet-scrabble.org\/wp-content\/uploads\/2024\/01\/Mots-invariables-1.pdf\">Mots invariables<\/a><\/span> <\/strong><\/li>\n<\/ul>\n<p><strong><span style=\"color: #0000ff;\">Les verbes :&nbsp;<\/span><\/strong><\/p>\n<ul>\n<li><span style=\"color: #008080;\"><strong>Conjugaison : les verbes en &#8230;YER : <a href=\"http:\/\/manet-scrabble.org\/wp-content\/uploads\/2024\/01\/verbes-en-YER.pdf\">verbes en YER<\/a><\/strong><\/span><\/li>\n<li><span style=\"color: #008080;\"><strong>Verbes en COLLER ou COLER<\/strong> : <a href=\"http:\/\/manet-scrabble.org\/wp-content\/uploads\/2024\/01\/verbes-en-COLLER-ou-COLER.pdf\">verbes en COLLER ou COLER<\/a><\/span><\/li>\n<li><span style=\"color: #008080;\"><strong>Verbes avec un pr\u00e9fixe devant un H : <a href=\"http:\/\/manet-scrabble.org\/wp-content\/uploads\/2025\/01\/verbe-avec-prefixe-devant-H.pdf\">verbe avec pr\u00e9fixe devant H<\/a><\/strong><\/span><\/li>\n<li><span style=\"color: #008080;\"><strong>Verbes finissant par GRENER ou GRAINER :<\/strong> <a href=\"http:\/\/manet-scrabble.org\/wp-content\/uploads\/2024\/11\/GRENER-ou-GRAINER.pdf\">GRENER ou GRAINER<\/a><\/span><\/li>\n<li><span style=\"color: #008080;\"><strong>Conjugaisons des verbes en &#8230;ETER et en &#8230;ELER : <\/strong><a href=\"http:\/\/manet-scrabble.org\/wp-content\/uploads\/2024\/02\/Conjugaison-des-verbes-en-ETER-et-ELER.pdf\">Conjugaison des verbes en ETER et ELER<\/a><\/span><\/li>\n<li><span style=\"color: #008080;\"><strong>Verbes en ER ou IR : <\/strong><a href=\"http:\/\/manet-scrabble.org\/wp-content\/uploads\/2024\/10\/verbes-en-ER-ou-IR.pdf\">verbes en ER ou IR<\/a><\/span><\/li>\n<\/ul>\n<p><strong><span style=\"color: #0000ff;\">D\u00e9but et fin de mots :<\/span><\/strong><\/p>\n<ul>\n<li style=\"list-style-type: none;\">\n<ul>\n<li style=\"list-style-type: none;\">\n<ul>\n<li style=\"list-style-type: none;\">\n<ul>\n<li><span style=\"color: #008080;\"><strong>Mots commen\u00e7ant par X : <a href=\"http:\/\/manet-scrabble.org\/wp-content\/uploads\/2024\/01\/mots-commencant-par-X.pdf\">mots commen\u00e7ant par X<\/a><\/strong><\/span><\/li>\n<li><span style=\"color: #008080;\"><strong>Mots sans voyelles ou finissant par J : <a href=\"http:\/\/manet-scrabble.org\/wp-content\/uploads\/2024\/03\/mots-sans-voyelle-ou-finissant-pat-J.pdf\">mots sans voyelle ou finissant pat J<\/a><\/strong><\/span><\/li>\n<li><span style=\"color: #008080;\"><strong>Mots terminant par une consonne suivi de Z : <a href=\"http:\/\/manet-scrabble.org\/wp-content\/uploads\/2024\/03\/mots-terminant-par-consonneZ.pdf\">mots terminant par consonneZ<\/a><\/strong><\/span><\/li>\n<li><strong>Mots se terminant par X (mais pas AUX, EUX ou OUX)<\/strong> : <a href=\"http:\/\/manet-scrabble.org\/wp-content\/uploads\/2024\/05\/Mots-se-terminant-par-X-mais-pas-AUX-EUX-ou-OUX-1.pdf\">Mots se terminant par X (mais pas AUX, EUX ou OUX)<\/a><\/li>\n<li><strong><span style=\"color: #008080;\">Pluriel des mot terminant par Y :<\/span> <a href=\"http:\/\/manet-scrabble.org\/wp-content\/uploads\/2024\/11\/Mots-terminant-par-Y.pdf\">Mots terminant par Y<\/a><\/strong><\/li>\n<li><strong><span style=\"color: #008080;\">Doublement ou non du N au f\u00e9minin et aux formes verbales :<\/span> <a href=\"http:\/\/manet-scrabble.org\/wp-content\/uploads\/2024\/12\/Mots-terminant-par-doublement-ou-non-du-N-au-feminin-et-formes-verbales.pdf\">Mots terminant par &#8211; doublement ou non du N au f\u00e9minin et formes verbales<\/a><\/strong><\/li>\n<li><span style=\"color: #008080;\"><strong>Cas o\u00f9 le N remplace le M devant M, B, P :<\/strong> <a href=\"https:\/\/manet-scrabble.org\/?attachment_id=16365\" rel=\"attachment wp-att-16365\">Mots avec N devant M B P<\/a><\/span><\/li>\n<\/ul>\n<\/li>\n<\/ul>\n<\/li>\n<\/ul>\n<\/li>\n<\/ul>\n<p><span style=\"color: #0000ff;\"><strong>Divers :<\/strong> <\/span><\/p>\n<ul>\n<li style=\"list-style-type: none;\">\n<ul>\n<li><span style=\"color: #008080;\"><strong>Les nombres avec Z<\/strong><\/span> : <a href=\"http:\/\/manet-scrabble.org\/wp-content\/uploads\/2024\/03\/Les-nombres-avec-Z.pdf\">Les nombres avec Z<\/a><\/li>\n<li><span style=\"color: #008080;\"><strong>Lieux plant\u00e9s d&#8217;arbres finissant par &#8230;AIE : <a href=\"http:\/\/manet-scrabble.org\/wp-content\/uploads\/2024\/03\/lieu-plante-de-darbres-finissant-par-aie.pdf\">lieu plant\u00e9 de d&#8217;arbres finissant par aie<\/a><\/strong><\/span><\/li>\n<\/ul>\n<\/li>\n<\/ul>\n<p><span style=\"font-size: 18pt; color: #0000ff;\"><strong>ODS 8 :<\/strong>&nbsp;<\/span><\/p>\n<p><strong><span style=\"color: #0000ff;\">Les verbes :&nbsp;<\/span><\/strong><\/p>\n<ul>\n<li style=\"list-style-type: none;\">\n<ul>\n<li style=\"list-style-type: none;\">\n<ul>\n<li><strong><span style=\"color: #008080;\">Verbes pr\u00e9-fixables par A :<\/span><\/strong> <a href=\"http:\/\/manet-scrabble.org\/wp-content\/uploads\/2020\/12\/verbes-prefixables-par-A.pdf\">verbes prefixables par A<\/a><\/li>\n<li><strong><span style=\"color: #008080;\">Verbes pr\u00e9-fixables par E :<\/span><\/strong> <a href=\"http:\/\/manet-scrabble.org\/wp-content\/uploads\/2020\/12\/verbes-prefixables-par-E.pdf\">verbes prefixables par E<\/a><\/li>\n<li><strong><span style=\"color: #008080;\">Les &nbsp;verbes d\u00e9fectifs hors m\u00e9t\u00e9o : <\/span><a href=\"http:\/\/manet-scrabble.org\/wp-content\/uploads\/2020\/11\/verbes-d\u00e9fectifs.pdf\">verbes d\u00e9fectifs<\/a><\/strong><\/li>\n<li><strong><span style=\"color: #008080;\">Les verbes de M\u00e9t\u00e9o : <\/span><a href=\"http:\/\/manet-scrabble.org\/wp-content\/uploads\/2020\/11\/verbes-de-la-m\u00e9t\u00e9o-v2.pdf\">verbes de la m\u00e9t\u00e9o v2<\/a><\/strong><\/li>\n<li><strong><span style=\"color: #008080;\">Verbes&nbsp; avec rallonge initiale en R ou RE : <\/span><a href=\"http:\/\/manet-scrabble.org\/wp-content\/uploads\/2020\/12\/verbes-avec-rallonge-R-et-RE.pdf\">verbes avec rallonge R et RE<\/a><\/strong><\/li>\n<li><strong><span style=\"color: #008080;\">Verbes ayant des pr\u00e9fixes en IN et IM : <\/span><a href=\"http:\/\/manet-scrabble.org\/wp-content\/uploads\/2021\/03\/verbes-avec-prefixe-IN-ou-IM.pdf\">verbes avec pr\u00e9fixe IN ou IM<\/a> <\/strong><\/li>\n<li><strong><span style=\"color: #008080;\">Les danses et les verbes : <\/span><a href=\"http:\/\/manet-scrabble.org\/wp-content\/uploads\/2020\/11\/Les-danses-et-les-verbes.pdf\">Les danses et les verbes<\/a><\/strong><\/li>\n<li><span style=\"color: #008080;\"><strong>Verbes terminant en &#8230;OUER : <\/strong><\/span><strong><a href=\"http:\/\/manet-scrabble.org\/wp-content\/uploads\/2021\/03\/verbes-terminant-en-OUER.pdf\">verbes terminant en OUER<\/a><\/strong><\/li>\n<\/ul>\n<\/li>\n<\/ul>\n<\/li>\n<\/ul>\n<p><span style=\"color: #0000ff;\"><strong>D\u00e9but et fin de mots :<\/strong><\/span><\/p>\n<ul>\n<li style=\"list-style-type: none;\">\n<ul>\n<li style=\"list-style-type: none;\">\n<ul>\n<li><strong><span style=\"color: #008080;\">Mots terminant en OIR ou OIRE : <a href=\"http:\/\/manet-scrabble.org\/wp-content\/uploads\/2021\/03\/Mots-terminant-par-oir-ou-oire.pdf\">Mots terminant par oir ou oire<\/a><\/span><\/strong><\/li>\n<li><strong><span style=\"color: #008080;\">Liste des mots en OTE ou OTTE :<\/span>&nbsp;<a href=\"http:\/\/manet-scrabble.org\/wp-content\/uploads\/2021\/03\/mots-en-OTE-ou-OTTE.pdf\">mots en OTE ou OTTE<\/a><\/strong><\/li>\n<li><strong><span style=\"color: #008080;\">Liste des mots commen\u00e7ant par KILO :<\/span> <\/strong><strong><a href=\"http:\/\/manet-scrabble.org\/wp-content\/uploads\/2021\/03\/mot-commencant-par-KILO.pdf\">mot commen\u00e7ant par KILO<\/a><\/strong><\/li>\n<li><strong><span style=\"color: #008080;\">F\u00e9minin des nom en &#8230;EUR :<\/span> <a href=\"http:\/\/manet-scrabble.org\/wp-content\/uploads\/2021\/03\/feminin-en-EURE.pdf\">f\u00e9minin en EURE<\/a><\/strong><\/li>\n<\/ul>\n<\/li>\n<\/ul>\n<\/li>\n<\/ul>\n<p><strong><span style=\"color: #0000ff;\">Pluriel des mots :<\/span> <\/strong><\/p>\n<ul>\n<li style=\"list-style-type: none;\">\n<ul>\n<li style=\"list-style-type: none;\">\n<ul>\n<li><strong><span style=\"color: #008080;\">Pluriel des noms finissant par -au, -eau, -eu :<\/span> <a href=\"http:\/\/manet-scrabble.org\/wp-content\/uploads\/2021\/03\/pluriel-mots-en-au-et-eu.pdf\">pluriel mots en au et eu<\/a><\/strong><\/li>\n<\/ul>\n<\/li>\n<\/ul>\n<\/li>\n<\/ul>\n<p><strong><span style=\"color: #0000ff;\">Mots \u00e0 th\u00e8me :<\/span> <\/strong><\/p>\n<ul>\n<li style=\"list-style-type: none;\">\n<ul>\n<li style=\"list-style-type: none;\">\n<ul>\n<li><strong><span style=\"color: #008080;\">Mots utilis\u00e9s au Golf ou au Bridge&nbsp; :<\/span> <a href=\"http:\/\/manet-scrabble.org\/wp-content\/uploads\/2020\/11\/Mots-utilis\u00e9s-au-GOLF-et-au-BRIDGE.pdf\">Mots utilis\u00e9s au GOLF et au BRIDGE<\/a><\/strong><\/li>\n<\/ul>\n<\/li>\n<\/ul>\n<\/li>\n<\/ul>\n<p><span style=\"color: #0000ff;\"><strong>Divers :<\/strong> <\/span><\/p>\n<ul>\n<li style=\"list-style-type: none;\">\n<ul>\n<li><strong><span style=\"color: #008080;\">Liste des mots de la forme OU?INE :<\/span> <a href=\"http:\/\/manet-scrabble.org\/wp-content\/uploads\/2012\/08\/mots-de-la-forme-OU.INE_.pdf\">mots de la forme OU.INE<\/a>&nbsp;<\/strong><\/li>\n<li><strong><span style=\"color: #008080;\">Mots dans lesquels on peux substituer OO par OU : <\/span><a href=\"http:\/\/manet-scrabble.org\/wp-content\/uploads\/2021\/03\/substituer-OO-par-OU.pdf\">substituer OO par OU<\/a><\/strong><\/li>\n<li><span style=\"color: #008080;\"><strong>Le J et les lettres semi-ch\u00e8res :<\/strong> <\/span><a href=\"http:\/\/manet-scrabble.org\/wp-content\/uploads\/2020\/11\/J-et-lettre-semi-ch\u00e8re.pdf\">J et lettre semi ch\u00e8re<\/a><\/li>\n<li><strong><span style=\"color: #008080;\">Mots dans lesquels on peut remplacer K par CK ou par Q :<\/span> <a href=\"http:\/\/manet-scrabble.org\/wp-content\/uploads\/2021\/03\/Mots-dans-lesquels-on-peut-remplacer-le-K-par-CK-ou-par-Q.pdf\">Mots dans lesquels on peut remplacer le K par CK ou par Q<\/a><\/strong><\/li>\n<\/ul>\n<\/li>\n<\/ul>\n<p><span style=\"font-size: 14pt;\"><strong>ODS 7 :<\/strong><\/span><\/p>\n<ul>\n<li style=\"list-style-type: none;\">\n<ul>\n<li style=\"list-style-type: none;\">\n<ul>\n<li><strong><span style=\"color: #008000;\"><span style=\"color: #008080;\">Les d\u00e9partements valables au scrabble : <\/span><a href=\"http:\/\/manet-scrabble.org\/wp-content\/uploads\/2019\/02\/D\u00e9partements-valables-au-scrabble.pdf\">D\u00e9partements valables au scrabble<\/a><\/span><\/strong><\/li>\n<\/ul>\n<\/li>\n<\/ul>\n<\/li>\n<\/ul>\n<p><span style=\"font-size: 14pt;\"><strong>ODS 6:<\/strong><\/span><\/p>\n<ul>\n<li style=\"list-style-type: none;\">\n<ul>\n<li style=\"list-style-type: none;\">\n<ul>\n<li><strong><span style=\"color: #008080;\">Noms de pays jouables au scrabble : <\/span><a href=\"http:\/\/manet-scrabble.org\/wp-content\/uploads\/2021\/03\/pays1.pdf\">pays1<\/a><\/strong><\/li>\n<li><span style=\"color: #008080;\"><strong><span class=\"vert\">Doublement du S :<\/span><\/strong><\/span> <strong><a href=\"http:\/\/manet-scrabble.org\/wp-content\/uploads\/2021\/03\/doublement-du-S.pdf\">doublement du S<\/a><\/strong><\/li>\n<\/ul>\n<\/li>\n<\/ul>\n<\/li>\n<\/ul>\n<p>&nbsp;<\/p>\n","protected":false},"excerpt":{"rendered":"<p>T\u00e9l\u00e9chargez ci-dessous les diff\u00e9rents fichiers class\u00e9s par sp\u00e9cificit\u00e9 : ODS 9 :&nbsp; Les nouveaut\u00e9s de l&#8217;ODS&nbsp; 9 : Synth\u00e8se des nouveaut\u00e9s de l&#8217;ODS 9 : nouveaut\u00e9s ODS9 synth\u00e8se ODS 9 &#8211; les mots de 3 et 4 lettres : ODS &hellip; <a href=\"http:\/\/manet-scrabble.org\/?page_id=8\">Continuer la lecture <span class=\"meta-nav\">&rarr;<\/span><\/a><\/p>\n","protected":false},"author":1,"featured_media":0,"parent":0,"menu_order":2,"comment_status":"closed","ping_status":"closed","template":"","meta":{"_editorskit_title_hidden":false,"_editorskit_reading_time":0,"_editorskit_is_block_options_detached":false,"_editorskit_block_options_position":"{}","ngg_post_thumbnail":0,"footnotes":""},"class_list":["post-8","page","type-page","status-publish","hentry"],"aioseo_notices":[],"_links":{"self":[{"href":"http:\/\/manet-scrabble.org\/index.php?rest_route=\/wp\/v2\/pages\/8","targetHints":{"allow":["GET"]}}],"collection":[{"href":"http:\/\/manet-scrabble.org\/index.php?rest_route=\/wp\/v2\/pages"}],"about":[{"href":"http:\/\/manet-scrabble.org\/index.php?rest_route=\/wp\/v2\/types\/page"}],"author":[{"embeddable":true,"href":"http:\/\/manet-scrabble.org\/index.php?rest_route=\/wp\/v2\/users\/1"}],"replies":[{"embeddable":true,"href":"http:\/\/manet-scrabble.org\/index.php?rest_route=%2Fwp%2Fv2%2Fcomments&post=8"}],"version-history":[{"count":212,"href":"http:\/\/manet-scrabble.org\/index.php?rest_route=\/wp\/v2\/pages\/8\/revisions"}],"predecessor-version":[{"id":16366,"href":"http:\/\/manet-scrabble.org\/index.php?rest_route=\/wp\/v2\/pages\/8\/revisions\/16366"}],"wp:attachment":[{"href":"http:\/\/manet-scrabble.org\/index.php?rest_route=%2Fwp%2Fv2%2Fmedia&parent=8"}],"curies":[{"name":"wp","href":"https:\/\/api.w.org\/{rel}","templated":true}]}}