{"id":175,"date":"2012-09-12T10:24:34","date_gmt":"2012-09-12T08:24:34","guid":{"rendered":"http:\/\/manet-scrabble.org\/?page_id=175"},"modified":"2026-03-17T08:49:32","modified_gmt":"2026-03-17T07:49:32","slug":"tournois-covoiturage","status":"publish","type":"page","link":"http:\/\/manet-scrabble.org\/?page_id=175","title":{"rendered":"DIVERTISSEMENT"},"content":{"rendered":"\r\n<p><big><\/big><span style=\"color: #ff0000; font-size: 18pt;\">Exposition :<\/span><\/p>\r\n<p><span data-olk-copy-source=\"MessageBody\">Exposition exceptionnelle du 14 au 22 mars, la Maison F\u00e9lix se transforme en un havre de paix o\u00f9 le noir de l\u2019encre rencontre le blanc du papier pour donner vie au th\u00e8me ancestral : \u201cLa Montagne et l\u2019Eau\u201d : <a href=\"https:\/\/manet-scrabble.org\/?attachment_id=16576\" rel=\"attachment wp-att-16576\">affiche exposition chinois 1<\/a><\/span><\/p>\r\n<p class=\"x_MsoNormal\"><span data-olk-copy-source=\"MessageBody\">L\u2019association de reliure vous ouvre ses portes \u00e0 la Maison F\u00e9lix pour une exposition de reliure :<\/span>\u00ab Ainsi nos livres se lient, se relient, se restaurent et s&#8217;exposent \u00bb, du 28 mars au 5 avril \u00e0 la maison F\u00e9lix : <a href=\"https:\/\/manet-scrabble.org\/?attachment_id=16712\" rel=\"attachment wp-att-16712\">reliure<\/a><\/p>\r\n\r\n\r\n\r\n\r\n\r\n<p><span style=\"color: #ff0000; font-size: 18pt;\">Concert\/spectacle : <\/span><b><\/b><\/p>\r\n<ul>\r\n<li class=\"x_MsoNormal\"><span data-olk-copy-source=\"MessageBody\">Le&nbsp;<b>dimanche 29 mars<\/b>, la salle Jacques Brel va vibrer au rythme de la solidarit\u00e9 ! : <a href=\"https:\/\/manet-scrabble.org\/?attachment_id=16577\" rel=\"attachment wp-att-16577\">affiche Retina France&nbsp; &nbsp; &nbsp; <\/a><a href=\"https:\/\/manet-scrabble.org\/?attachment_id=16578\" rel=\"attachment wp-att-16578\">programme<\/a><\/span><\/li>\r\n<\/ul>\r\n<p class=\"x_MsoNormal\">L&#8217;entr\u00e9e est libre (participation au chapeau) et l&#8217;int\u00e9gralit\u00e9 des dons collect\u00e9s sera revers\u00e9e \u00e0 l&#8217;association pour faire avancer la recherche.<\/p>\r\n<ul>\r\n<li><span data-olk-copy-source=\"MessageBody\">Tous en danse &#8211; Pasion y Ol\u00e9 le <\/span>samedi 21 mars 2026 19h30-22h30 : <a href=\"https:\/\/manet-scrabble.org\/?attachment_id=16447\" rel=\"attachment wp-att-16447\">Danse Ole<\/a><\/li>\r\n<\/ul>\r\n<p><span data-olk-copy-source=\"MessageBody\">&nbsp; &nbsp; R\u00e9servation : <\/span><a title=\"Prot\u00e9g\u00e9 par Outlook&nbsp;: https:\/\/mibc-fr-07.mailinblack.com\/securelink\/?url=https:\/\/www.payasso.fr&amp;key=eyJsYW5nIjoiRlIiLCJ1cmwiOiJodHRwczovL3d3dy5wYXlhc3NvLmZyL3B5by90b3VzZW5kYW5zZSIsInRva2VuIjoiZ0FBQUFBQnBkaVRHMHJxYnBHVWZqNzFxQWdiclpFc0VKbW5KNll3Q1VJVmpNc3hJbXJjUzZpZ2ZXVzhtcGpDa1BueWtuT096ZG9iSWVyZzYxYkJnQ0FDMHhMWjJ4N3hEN1ZWOXdrLXhHR0F5UlQyYjVQOXZobDQ1ZVZtLVBkS00xN29QVUdyVi1HWDlBMUJJc2xQOEVTMjJfRWFZa25qUHEtV1QwMzJ1TGRSTTVfT1R4WTNQSEpNaGZzd1pwdGk3V1FOR3FYYm1ISmRJZC1Hb2p4OGZkanV0cDhCQWZIVVNnRWR6VU04VUFDYzE4WUVldGJxakUwSWlHbi1hRUFfVXE3aE1iMUpPOXo4ZjREVWpibFdzNHpNSWo0am5vR2dJa3U5eEhONjhWS3o5bTJKZzZQRURJOWdiWU5FQkRuaDFvMi1vSHlWakRqNE4ifQ==. Cliquez ou appuyez pour suivre le lien.\" href=\"https:\/\/emea01.safelinks.protection.outlook.com\/?url=https%3A%2F%2Fmibc-fr-07.mailinblack.com%2Fsecurelink%2F%3Furl%3Dhttps%3A%2F%2Fwww.payasso.fr%26key%3DeyJsYW5nIjoiRlIiLCJ1cmwiOiJodHRwczovL3d3dy5wYXlhc3NvLmZyL3B5by90b3VzZW5kYW5zZSIsInRva2VuIjoiZ0FBQUFBQnBkaVRHMHJxYnBHVWZqNzFxQWdiclpFc0VKbW5KNll3Q1VJVmpNc3hJbXJjUzZpZ2ZXVzhtcGpDa1BueWtuT096ZG9iSWVyZzYxYkJnQ0FDMHhMWjJ4N3hEN1ZWOXdrLXhHR0F5UlQyYjVQOXZobDQ1ZVZtLVBkS00xN29QVUdyVi1HWDlBMUJJc2xQOEVTMjJfRWFZa25qUHEtV1QwMzJ1TGRSTTVfT1R4WTNQSEpNaGZzd1pwdGk3V1FOR3FYYm1ISmRJZC1Hb2p4OGZkanV0cDhCQWZIVVNnRWR6VU04VUFDYzE4WUVldGJxakUwSWlHbi1hRUFfVXE3aE1iMUpPOXo4ZjREVWpibFdzNHpNSWo0am5vR2dJa3U5eEhONjhWS3o5bTJKZzZQRURJOWdiWU5FQkRuaDFvMi1vSHlWakRqNE4ifQ%3D%3D&amp;data=05%7C02%7C%7Ccbbacee0ab924b8d98a708de5cb2d10f%7C84df9e7fe9f640afb435aaaaaaaaaaaa%7C1%7C0%7C639050120148649859%7CUnknown%7CTWFpbGZsb3d8eyJFbXB0eU1hcGkiOnRydWUsIlYiOiIwLjAuMDAwMCIsIlAiOiJXaW4zMiIsIkFOIjoiTWFpbCIsIldUIjoyfQ%3D%3D%7C0%7C%7C%7C&amp;sdata=Z6pkxkdUkbIy3C%2BSHqo%2BBGIQuAdf3HQbaN1RdT5kY4s%3D&amp;reserved=0\" data-auth=\"NotApplicable\" data-linkindex=\"0\">https:\/\/www.payasso.fr\/pyo\/tousendanse<\/a><\/p>\r\n<p>&nbsp;<\/p>\r\n\r\n\r\n\r\n<p>&nbsp; &nbsp; &nbsp; &nbsp; &nbsp; &nbsp; &nbsp; &nbsp; &nbsp; &nbsp; &nbsp; &nbsp; &nbsp; &nbsp; &nbsp; &nbsp; &nbsp; &nbsp; &nbsp; &nbsp; &nbsp; &nbsp; &nbsp; &nbsp; &nbsp; &nbsp; &nbsp; &nbsp; &nbsp; &nbsp; &nbsp; &nbsp; &nbsp; &nbsp; &nbsp; &nbsp; &nbsp; &nbsp; &nbsp; &nbsp;&nbsp;<\/p>\r\n\r\n<p>&nbsp;<\/p>\r\n\r\n<p>&nbsp;<\/p>\r\n\r\n\r\n\r\n<p>&nbsp;<\/p>\r\n\r\n\r\n\r\n<div class=\"body\">\r\n<p>&nbsp;<\/p>\r\n<div class=\"body\">&nbsp;<\/div>\r\n<\/div>\r\n<p>&nbsp;<\/p>\r\n\r\n\r\n","protected":false},"excerpt":{"rendered":"<p>Exposition : Exposition exceptionnelle du 14 au 22 mars, la Maison F\u00e9lix se transforme en un havre de paix o\u00f9 le noir de l\u2019encre rencontre le blanc du papier pour donner vie au th\u00e8me ancestral : \u201cLa Montagne et l\u2019Eau\u201d &hellip; <a href=\"http:\/\/manet-scrabble.org\/?page_id=175\">Continuer la lecture <span class=\"meta-nav\">&rarr;<\/span><\/a><\/p>\n","protected":false},"author":2,"featured_media":0,"parent":0,"menu_order":4,"comment_status":"closed","ping_status":"closed","template":"","meta":{"_editorskit_title_hidden":false,"_editorskit_reading_time":0,"_editorskit_is_block_options_detached":false,"_editorskit_block_options_position":"{}","ngg_post_thumbnail":0,"footnotes":""},"class_list":["post-175","page","type-page","status-publish","hentry"],"aioseo_notices":[],"_links":{"self":[{"href":"http:\/\/manet-scrabble.org\/index.php?rest_route=\/wp\/v2\/pages\/175","targetHints":{"allow":["GET"]}}],"collection":[{"href":"http:\/\/manet-scrabble.org\/index.php?rest_route=\/wp\/v2\/pages"}],"about":[{"href":"http:\/\/manet-scrabble.org\/index.php?rest_route=\/wp\/v2\/types\/page"}],"author":[{"embeddable":true,"href":"http:\/\/manet-scrabble.org\/index.php?rest_route=\/wp\/v2\/users\/2"}],"replies":[{"embeddable":true,"href":"http:\/\/manet-scrabble.org\/index.php?rest_route=%2Fwp%2Fv2%2Fcomments&post=175"}],"version-history":[{"count":245,"href":"http:\/\/manet-scrabble.org\/index.php?rest_route=\/wp\/v2\/pages\/175\/revisions"}],"predecessor-version":[{"id":16713,"href":"http:\/\/manet-scrabble.org\/index.php?rest_route=\/wp\/v2\/pages\/175\/revisions\/16713"}],"wp:attachment":[{"href":"http:\/\/manet-scrabble.org\/index.php?rest_route=%2Fwp%2Fv2%2Fmedia&parent=175"}],"curies":[{"name":"wp","href":"https:\/\/api.w.org\/{rel}","templated":true}]}}