{"id":12422,"date":"2023-02-22T18:04:47","date_gmt":"2023-02-22T17:04:47","guid":{"rendered":"http:\/\/manet-scrabble.org\/?page_id=12422"},"modified":"2025-03-11T09:53:21","modified_gmt":"2025-03-11T08:53:21","slug":"liens","status":"publish","type":"page","link":"http:\/\/manet-scrabble.org\/?page_id=12422","title":{"rendered":"<span color: #008080;\">LIENS"},"content":{"rendered":"<p>Fiche du Club &#8211; Classement national : <a href=\"https:\/\/www.ffsc.fr\/clubs.php?code=H09\" target=\"_blank\" rel=\"noopener\">https:\/\/www.ffsc.fr\/clubs.php?code=H09<\/a><\/p>\n<p>Comit\u00e9 PIFO : <a href=\"https:\/\/scrabblepifo.org\/\" target=\"_blank\" rel=\"noopener\">https:\/\/scrabblepifo.org\/<\/a><\/p>\n<p>F\u00e9d\u00e9ration fran\u00e7aise de Scrabble :<a href=\"https:\/\/www.ffsc.fr\/\" target=\"_blank\" rel=\"noopener\"> https:\/\/www.ffsc.fr\/<\/a><\/p>\n<p>Classement International : <a href=\"https:\/\/classement.fisf.net\/duplicate-classement.html\" target=\"_blank\" rel=\"noopener\">https:\/\/classement.fisf.net\/duplicate-classement.html<\/a><\/p>\n<p>La boutique du scrabbleur :<a href=\"https:\/\/scrabbleur.fr\/\" target=\"_blank\" rel=\"noopener\"> https:\/\/scrabbleur.fr\/<\/a><\/p>\n<p>Anagrammeur :&nbsp;<a href=\"http:\/\/duel-de-mots.com\/\" target=\"_blank\" rel=\"noopener\">http:\/\/duel-de-mots.com\/<\/a><\/p>\n<p><span style=\"color: #ffffff;\">Tous nos joueurs (photo) : <a style=\"color: #ffffff;\" href=\"https:\/\/scrabblepifo.org\/index.php?action=recherche&amp;saison=&amp;styleId=Inscriptions&amp;idClub=&amp;jour=&amp;content=trombi.php&amp;validite=2023&amp;onlyClub=H09\" target=\"_blank\" rel=\"noopener\">https:\/\/scrabblepifo.org\/index.php?action=recherche&amp;saison=&amp;styleId=Inscriptions&amp;idClub=&amp;jour=&amp;content=trombi.php&amp;validite=2024&amp;onlyClub=H09<\/a><\/span><\/p>\n<p>&nbsp;<\/p>\n<p>&nbsp;<\/p>\n","protected":false},"excerpt":{"rendered":"<p>Fiche du Club &#8211; Classement national : https:\/\/www.ffsc.fr\/clubs.php?code=H09 Comit\u00e9 PIFO : https:\/\/scrabblepifo.org\/ F\u00e9d\u00e9ration fran\u00e7aise de Scrabble : https:\/\/www.ffsc.fr\/ Classement International : https:\/\/classement.fisf.net\/duplicate-classement.html La boutique du scrabbleur : https:\/\/scrabbleur.fr\/ Anagrammeur :&nbsp;http:\/\/duel-de-mots.com\/ Tous nos joueurs (photo) : https:\/\/scrabblepifo.org\/index.php?action=recherche&amp;saison=&amp;styleId=Inscriptions&amp;idClub=&amp;jour=&amp;content=trombi.php&amp;validite=2024&amp;onlyClub=H09 &nbsp; &nbsp;<\/p>\n","protected":false},"author":2,"featured_media":0,"parent":0,"menu_order":0,"comment_status":"closed","ping_status":"closed","template":"","meta":{"_editorskit_title_hidden":false,"_editorskit_reading_time":0,"_editorskit_is_block_options_detached":false,"_editorskit_block_options_position":"{}","ngg_post_thumbnail":0,"footnotes":""},"class_list":["post-12422","page","type-page","status-publish","hentry"],"aioseo_notices":[],"_links":{"self":[{"href":"http:\/\/manet-scrabble.org\/index.php?rest_route=\/wp\/v2\/pages\/12422","targetHints":{"allow":["GET"]}}],"collection":[{"href":"http:\/\/manet-scrabble.org\/index.php?rest_route=\/wp\/v2\/pages"}],"about":[{"href":"http:\/\/manet-scrabble.org\/index.php?rest_route=\/wp\/v2\/types\/page"}],"author":[{"embeddable":true,"href":"http:\/\/manet-scrabble.org\/index.php?rest_route=\/wp\/v2\/users\/2"}],"replies":[{"embeddable":true,"href":"http:\/\/manet-scrabble.org\/index.php?rest_route=%2Fwp%2Fv2%2Fcomments&post=12422"}],"version-history":[{"count":12,"href":"http:\/\/manet-scrabble.org\/index.php?rest_route=\/wp\/v2\/pages\/12422\/revisions"}],"predecessor-version":[{"id":15290,"href":"http:\/\/manet-scrabble.org\/index.php?rest_route=\/wp\/v2\/pages\/12422\/revisions\/15290"}],"wp:attachment":[{"href":"http:\/\/manet-scrabble.org\/index.php?rest_route=%2Fwp%2Fv2%2Fmedia&parent=12422"}],"curies":[{"name":"wp","href":"https:\/\/api.w.org\/{rel}","templated":true}]}}